{"id":1841,"date":"2025-03-05T16:50:42","date_gmt":"2025-03-05T15:50:42","guid":{"rendered":"https:\/\/gabriel-coulet.dcvo-prod.fr\/?page_id=1841"},"modified":"2026-03-16T14:44:16","modified_gmt":"2026-03-16T13:44:16","slug":"mentions-legales","status":"publish","type":"page","link":"https:\/\/www.gabriel-coulet.fr\/de\/mentions-legales\/","title":{"rendered":"Rechtliche Hinweise"},"content":{"rendered":"<p>www.gabriel-coulet.fr ist die offizielle Website des Unternehmens Gabriel Coulet.<\/p>\n\n\n\n<p>. Directeur de la publication : Mr Nicolas MARCINKOWSKI, PDG<br>. Fotos: \u00a9 Simones studio (www.bonjoursimones.com) und \u00a9 Gabriel Coulet, sofern nicht anders angegeben.<br>. Design &amp; Realisation: Studio Osaka (www.weareosaka.com) \/ Dcvo studio (www.dcvo.studio) \/ . <br>. Hosting: OVH<\/p>\n\n\n\n<p><strong>Informatik und Freiheit<\/strong><\/p>\n\n\n\n<p>Hyperlinks<\/p>\n\n\n\n<p>Hyperlinks, die auf der Website von Gabriel Coulet vorhanden sind und die Nutzer auf andere Websites verweisen, bedeuten nicht, dass die Redaktion der Website f\u00fcr den Inhalt dieser Websites verantwortlich ist.<\/p>\n\n\n\n<p>Namentliche Daten<\/p>\n\n\n\n<p>Wenn Daten auf dieser Website einen namentlichen Charakter haben, m\u00fcssen die Nutzer sie in \u00dcbereinstimmung mit den geltenden Vorschriften und den Empfehlungen der franz\u00f6sischen Datenschutzbeh\u00f6rde CNIL (Commission nationale de l'informatique et des libert\u00e9s) verwenden.<\/p>\n\n\n\n<p>Die verwendeten Informationen d\u00fcrfen nur zu pers\u00f6nlichen, assoziativen oder beruflichen Zwecken verwendet werden, wobei jegliche Verbreitung oder Verwendung zu kommerziellen oder Werbezwecken ausgeschlossen ist. Die Empf\u00e4nger der Daten sind die Abteilungen von Gabriel Coulet.<\/p>\n\n\n\n<p>Gem\u00e4\u00df dem ge\u00e4nderten Gesetz \u00fcber Informatik, Dateien und Freiheiten vom 6. Januar 1978 haben Sie ein Recht auf Einspruch (Artikel 38), Zugang (Artikel 39 ) und Berichtigung (Artikel 40) der Sie betreffenden Informationen. Wenn Sie dieses Recht aus\u00fcben und eine Mitteilung der Sie betreffenden Informationen erhalten m\u00f6chten, wenden Sie sich bitte an :<\/p>\n\n\n\n<p>Gabriel Coulet<br>Abteilung Kommunikation<br>ETS Gabriel COULET<br>3, avenue de Lauras<br>12250 ROQUEFORT<br>Tel. +33(0)5 65 59 90 21<br>Fax +33(0)5 65 59 96 60<br>roquefort@gabriel-coulet.fr<\/p>\n\n\n\n<p><strong>Urheberrechte und\/oder Rechte an den Zeichnungen, Fotos und Texten<\/strong><\/p>\n\n\n\n<p>Die vorliegende Website stellt ein Werk dar, dessen Urheber Gabriel Coulet im Sinne der Artikel L. 111.1 ff. des Gesetzes \u00fcber geistiges Eigentum ist.<\/p>\n\n\n\n<p>Die Fotografien, Texte, Slogans, Zeichnungen, Bilder, animierte Sequenzen mit oder ohne Ton sowie alle auf der Website integrierten Werke sind Eigentum von Gabriel Coulet oder von Dritten, die Gabriel Coulet die Erlaubnis erteilt haben, sie zu verwenden.<\/p>\n\n\n\n<p>Die auf der Website dargestellten Logos, Icons und Grafikchips sind urheberrechtlich und gem\u00e4\u00df den Artikeln L.511.1 ff. des Gesetzes \u00fcber geistiges Eigentum \u00fcber den Schutz von Gebrauchsmustern gesch\u00fctzt.<\/p>\n\n\n\n<p>Die Vervielf\u00e4ltigung der Website und der darauf abgebildeten Werke auf Papier oder in elektronischer Form ist unter dem Vorbehalt gestattet, dass sie ausschlie\u00dflich dem pers\u00f6nlichen Gebrauch vorbehalten ist und jegliche Nutzung zu Werbe- und\/oder Handels- und\/oder Informationszwecken ausschlie\u00dft und\/oder den Bestimmungen von Artikel L122-5 des franz\u00f6sischen Gesetzbuchs \u00fcber geistiges Eigentum entspricht.<\/p>\n\n\n\n<p>Mit Ausnahme der oben genannten Bestimmungen ist jede Vervielf\u00e4ltigung, Darstellung, Verwendung oder \u00c4nderung der gesamten oder eines Teils der Website, aller oder eines Teils der verschiedenen Werke, aus denen sie besteht, durch ein beliebiges Verfahren und auf einem beliebigen Tr\u00e4ger ohne vorherige Genehmigung der Kommunikationsabteilung von Gabriel Coulet strengstens verboten und stellt ein F\u00e4lschungsdelikt dar.<\/p>\n\n\n\n<p><\/p>\n\n\n\n<p>Indice \u00e9galit\u00e9 Homme\/Femme de l&rsquo;entreprise au 31\/12\/2025 : 81,18% <\/p>","protected":false},"excerpt":{"rendered":"<p>www.gabriel-coulet.fr est le site officiel de la soci\u00e9t\u00e9 Gabriel Coulet . Directeur de la publication : Mr Nicolas MARCINKOWSKI, PDG&#8230;.<\/p>","protected":false},"author":1,"featured_media":0,"parent":0,"menu_order":0,"comment_status":"closed","ping_status":"closed","template":"","meta":{"_acf_changed":false,"footnotes":""},"class_list":["post-1841","page","type-page","status-publish","hentry"],"acf":[],"aioseo_notices":[],"_links":{"self":[{"href":"https:\/\/www.gabriel-coulet.fr\/de\/wp-json\/wp\/v2\/pages\/1841","targetHints":{"allow":["GET"]}}],"collection":[{"href":"https:\/\/www.gabriel-coulet.fr\/de\/wp-json\/wp\/v2\/pages"}],"about":[{"href":"https:\/\/www.gabriel-coulet.fr\/de\/wp-json\/wp\/v2\/types\/page"}],"author":[{"embeddable":true,"href":"https:\/\/www.gabriel-coulet.fr\/de\/wp-json\/wp\/v2\/users\/1"}],"replies":[{"embeddable":true,"href":"https:\/\/www.gabriel-coulet.fr\/de\/wp-json\/wp\/v2\/comments?post=1841"}],"version-history":[{"count":5,"href":"https:\/\/www.gabriel-coulet.fr\/de\/wp-json\/wp\/v2\/pages\/1841\/revisions"}],"predecessor-version":[{"id":14343,"href":"https:\/\/www.gabriel-coulet.fr\/de\/wp-json\/wp\/v2\/pages\/1841\/revisions\/14343"}],"wp:attachment":[{"href":"https:\/\/www.gabriel-coulet.fr\/de\/wp-json\/wp\/v2\/media?parent=1841"}],"curies":[{"name":"wp","href":"https:\/\/api.w.org\/{rel}","templated":true}]}}