{"id":1853,"date":"2025-03-05T18:23:35","date_gmt":"2025-03-05T17:23:35","guid":{"rendered":"https:\/\/gabriel-coulet.dcvo-prod.fr\/?page_id=1853"},"modified":"2025-03-13T09:44:28","modified_gmt":"2025-03-13T08:44:28","slug":"cgv","status":"publish","type":"page","link":"https:\/\/www.gabriel-coulet.fr\/de\/cgv\/","title":{"rendered":"Allgemeine Gesch\u00e4ftsbedingungen"},"content":{"rendered":"<h1 class=\"wp-block-heading\">PR\u00c4AMBEL<\/h1>\n\n\n\n<p>Der Verk\u00e4ufer \u00fcbt eine T\u00e4tigkeit\u0301 des elektronischen Handels aus und bietet auf der Internetseite www.gabriel-coulet.fr einen Dienst zum Online-Verkauf von Produkten an. Die vorliegenden allgemeinen Verkaufsbedingungen sind ausschlie\u00dflich K\u00e4ufern vorbehalten, die Verbraucher und Nichtgewerbetreibende sind.<\/p>\n\n\n\n<ol class=\"wp-block-list\">\n<li>DEFINITIONEN<\/li>\n<\/ol>\n\n\n\n<p>Die innerhalb der Allgemeinen Gesch\u00e4ftsbedingungen verwendeten Begriffe haben die im Folgenden angegebene Bedeutung:<\/p>\n\n\n\n<p>K\u00e4ufer\/in: Nat\u00fcrliche Person, die \u00fcber die Website Produkte erwirbt.<\/p>\n\n\n\n<p>Bestellung: Kaufauftrag des K\u00e4ufers \u00fcber ein oder mehrere Produkte, der vom Verk\u00e4ufer unter Anwendung der Allgemeinen Gesch\u00e4ftsbedingungen angenommen wird.<\/p>\n\n\n\n<p>Cookie: Eine Applikation, die von einem Server im World Wide Web an einen Nutzer - manchmal ohne dessen Wissen - w\u00e4hrend einer Verbindung gesendet wird, um diesen Nutzer zu charakterisieren. Im weiteren Sinne: Informationen, die das Applet auf der Festplatte des Nutzers speichern kann und auf die der Server sp\u00e4ter zugreifen kann.<\/p>\n\n\n\n<p>E-Mail: Ein computergest\u00fctztes Dokument, das ein Benutzer \u00fcber ein Netzwerk eingibt, versendet oder zeitversetzt anschaut.<\/p>\n\n\n\n<p>Internet: Ein weltweites Netz, das Telekommunikationsressourcen, Server- und Client-Computer miteinander verbindet und dem Austausch von elektronischen Nachrichten, Multimedia-Informationen und Dateien dient. Es funktioniert mithilfe eines gemeinsamen Protokolls, das die Weiterleitung von Nachrichten, die in unabh\u00e4ngige Pakete aufgeteilt sind, von einem Ort zum anderen erm\u00f6glicht.<\/p>\n\n\n\n<p>Partei(en): Der K\u00e4ufer und\/oder der Verk\u00e4ufer.<\/p>\n\n\n\n<p>Produkt: Ware, die auf der Website vom Verk\u00e4ufer zum Verkauf angeboten wird.<\/p>\n\n\n\n<p>Site (Website oder Website): Website, die unter der Adresse www.gabriel-coulet.fr zug\u00e4nglich ist.<\/p>\n\n\n\n<p>Verk\u00e4ufer : Gabriel Coullet SA<\/p>\n\n\n\n<p>12250 Roquefort-sur-Soulzon Kapital: \u20ac1.606.572<\/p>\n\n\n\n<p>Telefon: 05.65.59.90.21<\/p>\n\n\n\n<p>E-Mail: roquefort@gabriel-coulet.fr&nbsp;<\/p>\n\n\n\n<p>SIRENENNUMMER: 926 180 035<\/p>\n\n\n\n<ol start=\"2\" class=\"wp-block-list\">\n<li>OBJEKT<\/li>\n<\/ol>\n\n\n\n<p>Die allgemeinen Verkaufsbedingungen haben zum Ziel, die Rechte und Pflichten des Verk\u00e4ufers und des K\u00e4ufers im Rahmen des Verkaufs von frischen K\u00e4seprodukten des Hauses Gabriel Coulet oder anderen erg\u00e4nzenden s\u00fc\u00dfen oder salzigen Lebensmittelprodukten, alkoholischen oder nicht alkoholischen Getr\u00e4nken \u00fcber seine Internetseite festzulegen.<\/p>\n\n\n\n<ol start=\"3\" class=\"wp-block-list\">\n<li>ANWENDUNGSBEREICH<\/li>\n<\/ol>\n\n\n\n<p>Die allgemeinen Verkaufsbedingungen gelten f\u00fcr\u0300 alle Verk\u00e4ufe von Produkten durch den Verk\u00e4ufer an den K\u00e4ufer, die \u00fcber die Website get\u00e4tigt werden. Eine Bestellung wird vom Verk\u00e4ufer nur nach vorheriger Annahme der Allgemeinen Gesch\u00e4ftsbedingungen durch den K\u00e4ufer ber\u00fccksichtigt.<\/p>\n\n\n\n<ol start=\"4\" class=\"wp-block-list\">\n<li>BESTELLUNG<\/li>\n<\/ol>\n\n\n\n<p>Der K\u00e4ufer gibt seine Bestellung \u00fcber die Website auf. Alle vertraglichen Informationen werden in franz\u00f6sischer Sprache dargestellt. Der K\u00e4ufer erkl\u00e4rt, dass er die Allgemeinen Gesch\u00e4ftsbedingungen vor der Aufgabe seiner Bestellung zur Kenntnis genommen hat und erkennt an, dass die Best\u00e4tigung seiner Bestellung die Annahme ihrer Bedingungen bedeutet.<\/p>\n\n\n\n<p>Der K\u00e4ufer erkennt au\u00dferdem an, dass die Bedingungen ihm in einer Weise zur Verf\u00fcgung gestellt werden\u0300, die ihre Aufbewahrung und Reproduktion gem\u00e4\u00df Artikel 1369-4 des B\u00fcrgerlichen Gesetzbuches erm\u00f6glicht. Die vom Verk\u00e4ufer auf der Website pr\u00e4sentierten Angebote sind zu den geposteten Tarifen und Bedingungen g\u00fcltig, solange diese elektronisch zug\u00e4nglich sind. Um eine Bestellung aufzugeben, muss der K\u00e4ufer dem Verk\u00e4ufer Daten \u00fcber sich selbst mitteilen und ein Online-Formular ausf\u00fcllen, das \u00fcber die Website zug\u00e4nglich ist.<\/p>\n\n\n\n<p>Der Kaufvertrag zwischen dem Verk\u00e4ufer und dem K\u00e4ufer kommt zustande, wenn der K\u00e4ufer bei der Best\u00e4tigung seiner Bestellung auf die Schaltfl\u00e4che \u00abBestellen\u00bb klickt. Bis zu\u0300 diesem letzten Schritt hat der K\u00e4ufer die M\u00f6glichkeit\u0301, zu den vorherigen Seiten zur\u00fcckzukehren und seine Bestellung und die zuvor bereitgestellten Informationen zu korrigieren und zu \u00e4ndern. Eine Best\u00e4tigungs-E-Mail, die den Eingang der Bestellung best\u00e4tigt und alle diese Informationen enth\u00e4lt, wird dann\u0301 so schnell wie m\u00f6glich an den K\u00e4ufer gesendet. Der K\u00e4ufer muss daher eine g\u00fcltige E-Mail-Adresse angeben, wenn er die Felder in Bezug auf\u0300 seine Identit\u00e4t\u0301 ausf\u00fcllt. Sollte\u0301 ein vom K\u00e4ufer bestelltes Produkt nicht verf\u00fcgbar sein, verpflichtet sich der Verk\u00e4ufer,\u0300 den K\u00e4ufer per E-Mail \u00fcber die Kenntnisse dieser Nichtverf\u00fcgbarkeit zu informieren\u0301 und kann die Stornierung der Bestellung und deren R\u00fcckerstattung vornehmen.<\/p>\n\n\n\n<ol start=\"5\" class=\"wp-block-list\">\n<li>BEZAHLUNG<\/li>\n<\/ol>\n\n\n\n<p>Die auf den Seiten der Website angegebenen Produktpreise entsprechen den Preisen inklusive Steuern und ohne Beteiligung an den Kosten f\u00fcr die logistische Vorbereitung und den Versand. Der Verk\u00e4ufer beh\u00e4lt sich das Recht vor, die Preise der auf der Website angebotenen Produkte zu \u00e4ndern. Die Produkte werden dem K\u00e4ufer jedoch auf der Grundlage der zum Zeitpunkt der Best\u00e4tigung der Bestellung g\u00fcltigen Preise in Rechnung gestellt. Die Bezahlung der Bestellung erfolgt durch elektronische Zahlung: Kreditkarte.<\/p>\n\n\n\n<p>Der elektronisch erteilte Zahlungsauftrag kann storniert werden. Der Eigentums\u00fcbergang\u0301 des Produkts auf den K\u00e4ufer findet erst zum Zeitpunkt des physischen Empfangs des Produkts durch den Spediteur statt.<\/p>\n\n\n\n<ol start=\"6\" class=\"wp-block-list\">\n<li>LIEFERUNG<\/li>\n<\/ol>\n\n\n\n<p>Das Maison Gabriel Coulet versendet seine Pakete \u00fcber den Spediteur Chronopost Fresh. Die ordnungsgem\u00e4\u00dfe Durchf\u00fchrung der Lieferung h\u00e4ngt von der Qualit\u00e4t der wesentlichen Informationen ab, die der K\u00e4ufer bei der Aufgabe seiner Bestellung \u00fcbermittelt:<\/p>\n\n\n\n<p>- Mobiltelefonnummer des K\u00e4ufers,<\/p>\n\n\n\n<p>- Genaue Lieferadresse,<\/p>\n\n\n\n<p>- E-Mail-Adresse des K\u00e4ufers. Der Lieferumfang des Verk\u00e4ufers beschr\u00e4nkt sich auf\u0300 das franz\u00f6sische Mutterland. Die Lieferfristen betragen 48 Stunden (au\u00dfer an Wochenenden und Feiertagen) ab dem Datum, an dem die Ware vom Verk\u00e4ufer dem Spediteur zur Verf\u00fcgung gestellt\u0300 wird. Die Lieferungen werden von Dienstag bis Samstag durch den Spediteur durchgef\u00fchrt. Die Lieferung der Produkte erfolgt maximal 20 Tage nach dem Datum der Auftragserteilung. Im Falle einer Ausnahmesituation (Gesundheitskrise, Pandemie, Produktbruch usw.) wird der Verk\u00e4ufer den K\u00e4ufer so schnell wie m\u00f6glich \u00fcber die Nichtverf\u00fcgbarkeit\u0301 der Dienstleistungen und\/oder Produkte informieren und eine vollst\u00e4ndige R\u00fcckerstattung der Bestellung vorschlagen.<\/p>\n\n\n\n<p>Bei \u00dcberschreitung dieser Frist durch den Verk\u00e4ufer im Rahmen des Versands des Produkts wird der Kunde telefonisch oder elektronisch informiert und hat die M\u00f6glichkeit\u0301, von seiner Bestellung zur\u00fcckzutreten. Der Verk\u00e4ufer wird den Betrag der Bestellung innerhalb von 14 Tagen wie in Artikel L .216-3 des Verbraucherschutzgesetzes beschrieben zur\u00fcckerstatten. Die R\u00fccksendung des Produkts und die Erstattung des Kaufpreises an den K\u00e4ufer erfolgen unter den Bedingungen, die nachstehend unter Kapitel 8 \u00abGarantie\u00bb aufgef\u00fchrt sind.<\/p>\n\n\n\n<ol start=\"7\" class=\"wp-block-list\">\n<li>STORNIERUNG - WIDERRUF - ERSTATTUNG<\/li>\n<\/ol>\n\n\n\n<p>Die vom Verk\u00e4ufer zum Verkauf angebotenen Produkte k\u00f6nnen schnell verfallen oder sich verschlechtern. In diesem Fall hat der K\u00e4ufer gem\u00e4\u00df Artikel L.221.28 des Verbraucherschutzgesetzes kein R\u00fccktrittsrecht.<\/p>\n\n\n\n<ol start=\"8\" class=\"wp-block-list\">\n<li>GARANTIE<\/li>\n<\/ol>\n\n\n\n<p>Der K\u00e4ufer hat Anspruch auf die gesetzliche Konformit\u00e4tsgarantie\u0301 gem\u00e4\u00df\u0300 Artikel L217-4 des Verbrauchergesetzbuchs und auf die Garantie f\u00fcr versteckte M\u00e4ngel gem\u00e4\u00df Artikel 1641 ff. des Zivilgesetzbuchs. Der K\u00e4ufer ist verpflichtet, den Zustand und die Konformit\u00e4t\u0301 der gelieferten Produkte zu \u00fcberpr\u00fcfen.<\/p>\n\n\n\n<p>Der Verk\u00e4ufer kann Beweise f\u00fcr das Versagen der gelieferten Produkte oder die Nichtkonformit\u00e4t\u0301 sowie eine eidesstattliche Erkl\u00e4rung des K\u00e4ufers verlangen, um den festgestellten Streitfall zu best\u00e4tigen.<\/p>\n\n\n\n<p>Wenn der Streitfall festgestellt wird\u0301, kann der K\u00e4ufer den Ersatz der gelieferten Produkte oder seine R\u00fcckerstattung (erfolgt innerhalb von 30 Tagen) verlangen.<\/p>\n\n\n\n<ol start=\"9\" class=\"wp-block-list\">\n<li>BESCHWERDEANTRAG<\/li>\n<\/ol>\n\n\n\n<p>F\u00fcr Reklamationen kann der K\u00e4ufer den Verk\u00e4ufer unter 05.65.59.90.21 von Montag bis Freitag von 8:15 bis 12:00 Uhr und von 13:15 bis 16:30 Uhr kontaktieren.<\/p>\n\n\n\n<ol start=\"10\" class=\"wp-block-list\">\n<li>VERANTWORTUNG<\/li>\n<\/ol>\n\n\n\n<p>Der Verk\u00e4ufer haftet dem K\u00e4ufer gegen\u00fcber von Rechts wegen f\u00fcr die ordnungsgem\u00e4\u00dfe Ausf\u00fchrung der Bestellung. Die Haftung\u0301 des Verk\u00e4ufers kann jedoch nicht \u00fcbernommen werden, wenn er den Beweis erbringt, dass die Nicht- oder Schlechterf\u00fcllung seiner Verpflichtungen dem K\u00e4ufer, dem unvorhersehbaren und un\u00fcberwindbaren Handeln eines Dritten, der mit der Erbringung der in den Allgemeinen Verkaufsbedingungen vorgesehenen Leistungen nichts zu tun hat, oder\u0300 einem Fall h\u00f6herer Gewalt zuzuschreiben ist. Der Verk\u00e4ufer haftet nicht\u0301 f\u00fcr Sch\u00e4den, die auf einen Fehler des K\u00e4ufers im Rahmen der Nutzung der Produkte zur\u00fcckzuf\u00fchren sind.<\/p>\n\n\n\n<p>Der K\u00e4ufer ist allein verantwortlich f\u00fcr die Auswahl der Produkte, ihre Aufbewahrung und ihren Gebrauch.<\/p>\n\n\n\n<ol start=\"11\" class=\"wp-block-list\">\n<li>GEISTIGES EIGENTUM<\/li>\n<\/ol>\n\n\n\n<p>Alle innerhalb der Website ver\u00f6ffentlichten Elemente, wie T\u00f6ne, Bilder, Fotografien, Videos, Schriftst\u00fccke, Animationen, Programme, Grafikcharta, Dienstprogramme, Datenbanken, Software, sind durch die Bestimmungen des Gesetzes \u00fcber geistiges Eigentum\u0301 gesch\u00fctzt und geh\u00f6ren dem Verk\u00e4ufer.<\/p>\n\n\n\n<p>Der K\u00e4ufer darf die geistigen Eigentumsrechte\u0301 an\u0300 diesen Elementen nicht verletzen und sie insbesondere nicht vervielf\u00e4ltigen, darstellen, \u00e4ndern, anpassen, \u00fcbersetzen, einen qualitativ oder quantitativ wesentlichen Teil davon entnehmen und\/oder wiederverwenden, mit Ausnahme der Handlungen, die f\u00fcr ihre normale und bestimmungsgem\u00e4\u00dfe Nutzung erforderlich sind.<\/p>\n\n\n\n<ol start=\"12\" class=\"wp-block-list\">\n<li>PERS\u00d6NLICHE DATEN<\/li>\n<\/ol>\n\n\n\n<p>Der K\u00e4ufer wird dar\u00fcber informiert, dass w\u00e4hrend seiner Navigation und im Rahmen der Bestellung pers\u00f6nliche Daten, die ihn betreffen, vom Verk\u00e4ufer als Verantwortlichem f\u00fcr die Verarbeitung gesammelt und verarbeitet werden, insbesondere \u00fcber das Online-Formular, das dazu dient, Ihre Bestellung auf der Website aufzugeben. <a href=\"http:\/\/www.gabriel-coulet.fr\/de\/\">www.gabriel-coulet.fr<\/a>. Der K\u00e4ufer wird dar\u00fcber informiert, dass die Bestellung nicht aufgegeben werden kann, wenn dieses Formular nicht korrekt ausgef\u00fcllt ist. Dieses Formular enth\u00e4lt die Angabe, ob die auszuf\u00fcllenden Felder freiwillig oder obligatorisch sind.<\/p>\n\n\n\n<p>Wir m\u00fcssen Ihre personenbezogenen Daten aus den folgenden Gr\u00fcnden erfassen:&nbsp;&nbsp;<\/p>\n\n\n\n<ul class=\"wp-block-list\">\n<li>Die Verwaltung Ihrer Bestellungen unserer Produkte, die auf unserer Website verf\u00fcgbar sind, und die damit verbundene logistische und administrative Verwaltung (Rechnungsstellung, Buchhaltung, Verwaltung des Kundendienstes, Verpackung, Versand usw.) ;<\/li>\n\n\n\n<li>Die Verwaltung unserer Gesch\u00e4ftsbeziehungen durch die Beantwortung Ihrer Kontaktanfragen, Informationsanfragen oder eventuellen Beschwerden ;<\/li>\n\n\n\n<li>Die Bearbeitung Ihrer Anfragen bez\u00fcglich der Aus\u00fcbung Ihrer Rechte in Bezug auf Ihre personenbezogenen Daten.<\/li>\n<\/ul>\n\n\n\n<p>Ihre pers\u00f6nlichen Daten im Zusammenhang mit Ihrem Einkauf auf unserer Website <a href=\"http:\/\/www.gabriel-coulet.fr\/de\/\">www.gabriel-coulet.fr<\/a> sind daher strikt f\u00fcr den internen Gebrauch des Unternehmens oder der Subunternehmer, die mit der Zahlungsabwicklung und Lieferung Ihrer Bestellung oder dem Hosting der Website beauftragt sind, reserviert.<\/p>\n\n\n\n<p>Der Empf\u00e4nger der so gesammelten Daten ist der Verk\u00e4ufer, Maison Gabriel Coulet. Die Verarbeitung ist Gegenstand einer Erkl\u00e4rung bei der Commission Nationale Informatique et Libert\u00e9s (CNIL) in Anwendung des Gesetzes Nr. 78-17 vom 6. Januar 1978.<\/p>\n\n\n\n<p>Gem\u00e4\u00df den geltenden Vorschriften zum Schutz personenbezogener Daten haben Sie das Recht, auf Ihre personenbezogenen Daten zuzugreifen, sie zu berichtigen und zu l\u00f6schen. Sie haben au\u00dferdem das Recht auf Einschr\u00e4nkung der Verarbeitung, das Recht auf Daten\u00fcbertragbarkeit und das Recht auf Widerspruch.<\/p>\n\n\n\n<p>Um diese Rechte auszu\u00fcben und Ihre Identit\u00e4t mit allen Mitteln nachzuweisen, k\u00f6nnen Sie uns unter der E-Mail-Adresse <a href=\"mailto:roquefort@gabriel-coulet.fr\">roquefort@gabriel-coulet.fr<\/a> oder per Post an die Adresse Service communication - Z.A. de Lauras - 12 250 Roquefort sur Soulzon.<\/p>\n\n\n\n<p>Diese E-Mail- oder Postadresse kann auch verwendet werden, um uns bei Fragen oder Informationsanfragen bez\u00fcglich der Verwaltung Ihrer pers\u00f6nlichen Daten zu kontaktieren.<\/p>\n\n\n\n<p>Wir werden alles Notwendige tun, um Ihre Anfragen zufriedenstellend zu beantworten. Wenn Sie aus irgendeinem Grund der Ansicht sind, dass unsere Antwort nicht zufriedenstellend ist, weisen wir Sie darauf hin, dass Sie eine Beschwerde bei der CNIL (Commission Nationale de l'Informatique et des Libert\u00e9s) einreichen k\u00f6nnen.<\/p>\n\n\n\n<ol start=\"13\" class=\"wp-block-list\">\n<li>BEWEIS\u00dcBEREINKOMMEN<\/li>\n<\/ol>\n\n\n\n<p>Es wird ausdr\u00fccklich vereinbart, dass die Parteien f\u00fcr die Zwecke der Allgemeinen Gesch\u00e4ftsbedingungen auf elektronischem Wege miteinander kommunizieren k\u00f6nnen, vorausgesetzt, dass technische Sicherheitsma\u00dfnahmen\u0301 zur Gew\u00e4hrleistung der Vertraulichkeit\u0301 der ausgetauschten Daten getroffen werden. Beide Parteien vereinbaren, dass die zwischen ihnen ausgetauschten E-Mails den Inhalt ihres Austauschs und gegebenenfalls ihrer Verpflichtungen rechtsg\u00fcltig belegen, insbesondere in Bezug auf die \u00dcbermittlung und Annahme von Bestellungen.<\/p>\n\n\n\n<ol start=\"14\" class=\"wp-block-list\">\n<li>TEILINVALIDIT\u00c4T<\/li>\n<\/ol>\n\n\n\n<p>Sollten eine oder mehrere Bestimmungen der Allgemeinen Gesch\u00e4ftsbedingungen f\u00fcr rechtswidrig oder nichtig befunden werden, so hat diese Nichtigkeit\u0301 nicht die Nichtigkeit\u0301 der \u00fcbrigen Bestimmungen dieser Bedingungen zur Folge, es sei denn, dass diese Bestimmungen einen untrennbaren Charakter mit der ung\u00fcltigen Bestimmung aufweisen.<\/p>\n\n\n\n<ol start=\"15\" class=\"wp-block-list\">\n<li>ANWENDBARES GESETZ<\/li>\n<\/ol>\n\n\n\n<p>Die Allgemeinen Gesch\u00e4ftsbedingungen unterliegen dem franz\u00f6sischen Recht.<\/p>\n\n\n\n<ol start=\"16\" class=\"wp-block-list\">\n<li>KOMPETENZZUWEISUNG<\/li>\n<\/ol>\n\n\n\n<h2 class=\"wp-block-heading\">Mediation<\/h2>\n\n\n\n<p>Gem\u00e4\u00df Artikel L. 612-1 des Verbraucherschutzgesetzes kann der Verbraucher innerhalb eines Jahres nach seiner schriftlichen Beschwerde, vorbehaltlich Artikel L.152-2 des Verbraucherschutzgesetzes, einen Antrag auf g\u00fctliche Einigung im Wege der Mediation stellen bei<\/p>\n\n\n\n<h2 class=\"wp-block-heading\">SAS Mediation Solution<\/h2>\n\n\n\n<p>222 chemin de la bergerie 01800 Saint Jean de Niort<\/p>\n\n\n\n<p>Website: https:\/\/www.sasmediationsolution-conso.fr,<\/p>\n\n\n\n<p>E-Mail: contact@sasmediationsolution-conso.fr<\/p>\n\n\n\n<p><\/p>","protected":false},"excerpt":{"rendered":"<p>PR\u00c9AMBULE Le vendeur exerce une activit\u00e9\u0301 de commerce \u00e9lectronique et propose un service de vente de produits en ligne sur&#8230;<\/p>","protected":false},"author":1,"featured_media":0,"parent":0,"menu_order":0,"comment_status":"closed","ping_status":"closed","template":"","meta":{"_acf_changed":false,"footnotes":""},"class_list":["post-1853","page","type-page","status-publish","hentry"],"acf":[],"aioseo_notices":[],"_links":{"self":[{"href":"https:\/\/www.gabriel-coulet.fr\/de\/wp-json\/wp\/v2\/pages\/1853","targetHints":{"allow":["GET"]}}],"collection":[{"href":"https:\/\/www.gabriel-coulet.fr\/de\/wp-json\/wp\/v2\/pages"}],"about":[{"href":"https:\/\/www.gabriel-coulet.fr\/de\/wp-json\/wp\/v2\/types\/page"}],"author":[{"embeddable":true,"href":"https:\/\/www.gabriel-coulet.fr\/de\/wp-json\/wp\/v2\/users\/1"}],"replies":[{"embeddable":true,"href":"https:\/\/www.gabriel-coulet.fr\/de\/wp-json\/wp\/v2\/comments?post=1853"}],"version-history":[{"count":2,"href":"https:\/\/www.gabriel-coulet.fr\/de\/wp-json\/wp\/v2\/pages\/1853\/revisions"}],"predecessor-version":[{"id":2748,"href":"https:\/\/www.gabriel-coulet.fr\/de\/wp-json\/wp\/v2\/pages\/1853\/revisions\/2748"}],"wp:attachment":[{"href":"https:\/\/www.gabriel-coulet.fr\/de\/wp-json\/wp\/v2\/media?parent=1853"}],"curies":[{"name":"wp","href":"https:\/\/api.w.org\/{rel}","templated":true}]}}