{"id":1841,"date":"2025-03-05T16:50:42","date_gmt":"2025-03-05T15:50:42","guid":{"rendered":"https:\/\/gabriel-coulet.dcvo-prod.fr\/?page_id=1841"},"modified":"2026-03-16T14:44:16","modified_gmt":"2026-03-16T13:44:16","slug":"mentions-legales","status":"publish","type":"page","link":"https:\/\/www.gabriel-coulet.fr\/es\/mentions-legales\/","title":{"rendered":"Informaci\u00f3n jur\u00eddica"},"content":{"rendered":"<p>www.gabriel-coulet.fr es la p\u00e1gina web oficial de Gabriel Coulet<\/p>\n\n\n\n<p>. Directeur de la publication : Mr Nicolas MARCINKOWSKI, PDG<br>. Fotos: \u00a9 Simones studio (www.bonjoursimones.com) y \u00a9 Gabriel Coulet salvo que se indique lo contrario.<br>. Dise\u00f1o y producci\u00f3n: Studio Osaka (www.weareosaka.com) \/ Dcvo studio (www.dcvo.studio) \/ <br>. Alojamiento : OVH<\/p>\n\n\n\n<p><strong>Tecnolog\u00edas de la informaci\u00f3n y libertad<\/strong><\/p>\n\n\n\n<p>Enlaces de hipertexto<\/p>\n\n\n\n<p>Los enlaces de hipertexto presentes en el sitio de Gabriel Coulet y que dirigen a los usuarios a otros sitios de Internet no comprometen la responsabilidad de la redacci\u00f3n del sitio en cuanto al contenido de estos sitios.<\/p>\n\n\n\n<p>Datos personales<\/p>\n\n\n\n<p>Cuando los datos de este sitio sean de car\u00e1cter personal, los usuarios deber\u00e1n utilizarlos de conformidad con la normativa vigente y las recomendaciones de la Comisi\u00f3n Nacional de Inform\u00e1tica y Libertades (CNIL).<\/p>\n\n\n\n<p>La informaci\u00f3n utilizada debe serlo \u00fanicamente con fines personales, asociativos o profesionales, quedando excluida cualquier distribuci\u00f3n o utilizaci\u00f3n con fines comerciales o publicitarios. Los destinatarios de los datos son los departamentos de Gabriel Coulet.<\/p>\n\n\n\n<p>De conformidad con la ley modificada de 6 de enero de 1978 relativa a la inform\u00e1tica, a los ficheros y a las libertades, usted dispone de un derecho de oposici\u00f3n (art\u00edculo 38), de acceso (art\u00edculo 39) y de rectificaci\u00f3n (art\u00edculo 40) de los datos que le conciernen. Si desea ejercer este derecho y obtener informaci\u00f3n sobre usted, p\u00f3ngase en contacto con :<\/p>\n\n\n\n<p>Gabriel Coulet<br>Departamento de Comunicaci\u00f3n<br>ETS Gabriel COULET<br>3, avenue de Lauras<br>12250 ROQUEFORT<br>Tel. +33(0)5 65 59 90 21<br>Fax +33(0)5 65 59 96 60<br>roquefort@gabriel-coulet.fr<\/p>\n\n\n\n<p><strong>Derechos de autor y\/o derechos sobre dibujos, fotos y textos<\/strong><\/p>\n\n\n\n<p>El presente sitio constituye una obra de la que Gabriel Coulet es autor en el sentido de los art\u00edculos L. 111.1 y siguientes del C\u00f3digo de la Propiedad Intelectual franc\u00e9s.<\/p>\n\n\n\n<p>Las fotograf\u00edas, textos, esl\u00f3ganes, dibujos, im\u00e1genes, secuencias animadas con o sin sonido, as\u00ed como todas las obras integradas en el sitio, son propiedad de Gabriel Coulet o de terceros que han autorizado a Gabriel Coulet a utilizarlos.<\/p>\n\n\n\n<p>Los logotipos, iconos y chips gr\u00e1ficos representados en el sitio web est\u00e1n protegidos por derechos de autor y por los art\u00edculos L.511.1 y siguientes del C\u00f3digo franc\u00e9s de la Propiedad Intelectual relativos a la protecci\u00f3n de los dibujos y modelos registrados.<\/p>\n\n\n\n<p>Se autorizan las reproducciones, en soporte papel o inform\u00e1tico, de dicho sitio y de las obras reproducidas en el mismo, siempre que se reserven estrictamente al uso personal excluyendo cualquier uso con fines publicitarios y\/o comerciales y\/o informativos y\/o que respeten las disposiciones del art\u00edculo L122-5 del C\u00f3digo franc\u00e9s de la Propiedad Intelectual.<\/p>\n\n\n\n<p>Con excepci\u00f3n de las disposiciones anteriores, toda reproducci\u00f3n, representaci\u00f3n, utilizaci\u00f3n o modificaci\u00f3n, por cualquier procedimiento y en cualquier soporte, de la totalidad o parte del sitio, de la totalidad o parte de las diferentes obras que lo componen, sin haber obtenido la autorizaci\u00f3n previa del Departamento de Comunicaci\u00f3n de Gabriel Coulet, est\u00e1 estrictamente prohibida y constituye una infracci\u00f3n de los derechos de autor.<\/p>\n\n\n\n<p><\/p>\n\n\n\n<p>Indice \u00e9galit\u00e9 Homme\/Femme de l&rsquo;entreprise au 31\/12\/2025 : 81,18% <\/p>","protected":false},"excerpt":{"rendered":"<p>www.gabriel-coulet.fr est le site officiel de la soci\u00e9t\u00e9 Gabriel Coulet . Directeur de la publication : Mr Nicolas MARCINKOWSKI, PDG&#8230;.<\/p>","protected":false},"author":1,"featured_media":0,"parent":0,"menu_order":0,"comment_status":"closed","ping_status":"closed","template":"","meta":{"_acf_changed":false,"footnotes":""},"class_list":["post-1841","page","type-page","status-publish","hentry"],"acf":[],"aioseo_notices":[],"_links":{"self":[{"href":"https:\/\/www.gabriel-coulet.fr\/es\/wp-json\/wp\/v2\/pages\/1841","targetHints":{"allow":["GET"]}}],"collection":[{"href":"https:\/\/www.gabriel-coulet.fr\/es\/wp-json\/wp\/v2\/pages"}],"about":[{"href":"https:\/\/www.gabriel-coulet.fr\/es\/wp-json\/wp\/v2\/types\/page"}],"author":[{"embeddable":true,"href":"https:\/\/www.gabriel-coulet.fr\/es\/wp-json\/wp\/v2\/users\/1"}],"replies":[{"embeddable":true,"href":"https:\/\/www.gabriel-coulet.fr\/es\/wp-json\/wp\/v2\/comments?post=1841"}],"version-history":[{"count":5,"href":"https:\/\/www.gabriel-coulet.fr\/es\/wp-json\/wp\/v2\/pages\/1841\/revisions"}],"predecessor-version":[{"id":14343,"href":"https:\/\/www.gabriel-coulet.fr\/es\/wp-json\/wp\/v2\/pages\/1841\/revisions\/14343"}],"wp:attachment":[{"href":"https:\/\/www.gabriel-coulet.fr\/es\/wp-json\/wp\/v2\/media?parent=1841"}],"curies":[{"name":"wp","href":"https:\/\/api.w.org\/{rel}","templated":true}]}}