{"id":1853,"date":"2025-03-05T18:23:35","date_gmt":"2025-03-05T17:23:35","guid":{"rendered":"https:\/\/gabriel-coulet.dcvo-prod.fr\/?page_id=1853"},"modified":"2025-03-13T09:44:28","modified_gmt":"2025-03-13T08:44:28","slug":"cgv","status":"publish","type":"page","link":"https:\/\/www.gabriel-coulet.fr\/es\/cgv\/","title":{"rendered":"Condiciones generales de venta"},"content":{"rendered":"<h1 class=\"wp-block-heading\">PRE\u00c1MBULO<\/h1>\n\n\n\n<p>El vendedor ejerce una actividad de comercio electr\u00f3nico y ofrece un servicio de venta de productos en l\u00ednea en el sitio www.gabriel-coulet.fr. Las presentes condiciones generales de venta est\u00e1n reservadas exclusivamente a los compradores consumidores y no profesionales.<\/p>\n\n\n\n<ol class=\"wp-block-list\">\n<li>DEFINICIONES<\/li>\n<\/ol>\n\n\n\n<p>Los t\u00e9rminos utilizados en las presentes Condiciones Generales de Venta tendr\u00e1n el significado que se indica a continuaci\u00f3n:<\/p>\n\n\n\n<p>Comprador: persona f\u00edsica que adquiere productos a trav\u00e9s del sitio web.<\/p>\n\n\n\n<p>Pedido: orden de compra del Comprador de uno o varios productos, aceptada por el Vendedor de conformidad con las Condiciones Generales de Venta.<\/p>\n\n\n\n<p>Cookie: aplicaci\u00f3n enviada por un servidor de la World Wide Web a un usuario, a veces sin su conocimiento, durante una conexi\u00f3n con el fin de identificarlo. Por extensi\u00f3n, informaci\u00f3n que el applet puede almacenar en el disco del usuario y a la que el servidor puede acceder posteriormente.<\/p>\n\n\n\n<p>Correo electr\u00f3nico: documento inform\u00e1tico que un usuario introduce, env\u00eda o consulta fuera de l\u00ednea a trav\u00e9s de una red.<\/p>\n\n\n\n<p>Internet: red mundial que combina recursos de telecomunicaciones y ordenadores servidores y clientes, para el intercambio de mensajes electr\u00f3nicos, informaci\u00f3n multimedia y ficheros. Funciona mediante un protocolo com\u00fan que permite encaminar mensajes de un usuario a otro, desglosados en paquetes independientes.<\/p>\n\n\n\n<p>Parte(s): El Comprador y\/o el Vendedor.<\/p>\n\n\n\n<p>Producto: bienes puestos a la venta en el sitio por el Vendedor.<\/p>\n\n\n\n<p>Sitio (sitio web o sitio de Internet): sitio de Internet accesible en www.gabriel-coulet.fr<\/p>\n\n\n\n<p>Vendedor: Gabriel Coullet SA<\/p>\n\n\n\n<p>12250 Roquefort-sur-Soulzon Capital social: 1.606.572 euros<\/p>\n\n\n\n<p>Tel\u00e9fono: 05.65.59.90.21<\/p>\n\n\n\n<p>Correo electr\u00f3nico: roquefort@gabriel-coulet.fr&nbsp;<\/p>\n\n\n\n<p>N\u00daMERO DE SIRENA: 926 180 035<\/p>\n\n\n\n<ol start=\"2\" class=\"wp-block-list\">\n<li>ASUNTO<\/li>\n<\/ol>\n\n\n\n<p>Las condiciones generales de venta tienen por objeto definir los derechos y obligaciones del vendedor y el comprador en el marco de la venta de los productos de queso fresco de la Casa Gabriel Coulet u otros productos complementarios de ultramarinos azucarados o salados, bebidas alcoh\u00f3licas o no alcoh\u00f3licas por medio de su sitio Internet.<\/p>\n\n\n\n<ol start=\"3\" class=\"wp-block-list\">\n<li>\u00c1MBITO DE APLICACI\u00d3N<\/li>\n<\/ol>\n\n\n\n<p>Las condiciones generales de venta se aplican a todas las ventas de productos realizadas por el vendedor al comprador a trav\u00e9s del sitio web. Un pedido s\u00f3lo ser\u00e1 tenido en cuenta por el vendedor tras la aceptaci\u00f3n previa de las condiciones generales de venta por parte del comprador.<\/p>\n\n\n\n<ol start=\"4\" class=\"wp-block-list\">\n<li>PEDIR<\/li>\n<\/ol>\n\n\n\n<p>El comprador realiza su pedido a trav\u00e9s del sitio web. Toda la informaci\u00f3n contractual se presenta en franc\u00e9s. El comprador declara haber le\u00eddo las condiciones generales de venta antes de realizar su pedido y reconoce que la validaci\u00f3n de su pedido implica la aceptaci\u00f3n de sus t\u00e9rminos.<\/p>\n\n\n\n<p>El comprador reconoce asimismo que las condiciones se ponen a su disposici\u00f3n de forma que puedan ser conservadas y reproducidas, de conformidad con el art\u00edculo 1369-4 del C\u00f3digo Civil franc\u00e9s. Las ofertas presentadas por el vendedor en el sitio son v\u00e1lidas en las tarifas y condiciones expuestas mientras sean accesibles por v\u00eda electr\u00f3nica. Para realizar un pedido, el comprador debe proporcionar al vendedor los datos que le conciernen y cumplimentar un formulario en l\u00ednea accesible desde el sitio web.<\/p>\n\n\n\n<p>El contrato de compraventa entre el Vendedor y el comprador se perfecciona cuando el comprador pulsa el bot\u00f3n \u00abPedir\u00bb al confirmar su pedido. Hasta\u0300 esta etapa final, el comprador tendr\u00e1 la posibilidad de volver a las p\u00e1ginas anteriores y corregir y modificar su pedido y la informaci\u00f3n facilitada previamente. A continuaci\u00f3n, se enviar\u00e1\u0301 al comprador lo antes posible un correo electr\u00f3nico de confirmaci\u00f3n, acusando recibo del pedido e incluyendo toda esta informaci\u00f3n. Por consiguiente, el comprador deber\u00e1 facilitar una direcci\u00f3n de correo electr\u00f3nico v\u00e1lida al cumplimentar los campos relativos a su identidad. En caso de que un producto pedido por el comprador no est\u00e9 disponible, el vendedor se compromete a informar al comprador por correo electr\u00f3nico del conocimiento de esta indisponibilidad y podr\u00e1 proceder a la anulaci\u00f3n del pedido y a su reembolso.<\/p>\n\n\n\n<ol start=\"5\" class=\"wp-block-list\">\n<li>PAGO<\/li>\n<\/ol>\n\n\n\n<p>Los precios de los productos indicados en las p\u00e1ginas del sitio Internet corresponden a los precios con todos los impuestos incluidos y salvo participaci\u00f3n en los gastos de preparaci\u00f3n log\u00edstica y expedici\u00f3n. El vendedor se reserva el derecho de modificar los precios de los productos que figuran en el sitio. No obstante, los productos se facturar\u00e1n al comprador sobre la base de los precios en vigor en el momento de la validaci\u00f3n del pedido. El pago del pedido se efectuar\u00e1 por medios electr\u00f3nicos: tarjeta bancaria.<\/p>\n\n\n\n<p>Las \u00f3rdenes de pago efectuadas por v\u00eda electr\u00f3nica podr\u00e1n ser anuladas. La transferencia de la propri\u1e55 del producto al comprador s\u00f3lo tendr\u00e1 lugar en el momento de la recepci\u00f3n f\u00edsica de este \u00faltimo por el transportista.<\/p>\n\n\n\n<ol start=\"6\" class=\"wp-block-list\">\n<li>ENTREGA<\/li>\n<\/ol>\n\n\n\n<p>La Maison Gabriel Coulet env\u00eda sus paquetes a trav\u00e9s del transportista Chronopost Fresh. La buena realizaci\u00f3n de la entrega se suspende con la calidad de la informaci\u00f3n esencial transmitida por el comprador en el momento del paso de su pedido:<\/p>\n\n\n\n<p>- N\u00famero de tel\u00e9fono m\u00f3vil del comprador,<\/p>\n\n\n\n<p>- Direcci\u00f3n de entrega precisa,<\/p>\n\n\n\n<p>- E-mail del comprador. El per\u00edmetro de entrega del vendedor se limita a Francia metropolitana. Los plazos de entrega son de 48 horas (excepto fines de semana y d\u00edas festivos) a partir de la fecha en que el vendedor pone la mercanc\u00eda a disposici\u00f3n del transportista. Las entregas son efectuadas por el transportista de martes a s\u00e1bado. Los productos se entregar\u00e1n en un plazo m\u00e1ximo de 20 d\u00edas a partir de la realizaci\u00f3n del pedido. En caso de situaci\u00f3n excepcional (crisis sanitaria, pandemia, escasez de productos, etc.), el vendedor informar\u00e1 al comprador lo antes posible de la no disponibilidad de los servicios y\/o productos y le ofrecer\u00e1 el reembolso \u00edntegro del pedido.<\/p>\n\n\n\n<p>En caso de que el vendedor sobrepase este plazo para el env\u00edo del producto, el cliente ser\u00e1 informado por tel\u00e9fono o por v\u00eda electr\u00f3nica y tendr\u00e1 la oportunidad de anular el pedido. El vendedor reembolsar\u00e1 el importe del pedido en un plazo de 14 d\u00edas, tal y como se describe en el art\u00edculo L .216-3 del C\u00f3digo de Consumo. La devoluci\u00f3n del producto y el reembolso al comprador tendr\u00e1n lugar en las condiciones establecidas a continuaci\u00f3n dentro del cap\u00edtulo 8 \u00abGarant\u00eda\u00bb.<\/p>\n\n\n\n<ol start=\"7\" class=\"wp-block-list\">\n<li>ANULACI\u00d3N - RETIRADA - REEMBOLSO<\/li>\n<\/ol>\n\n\n\n<p>Los productos puestos a la venta por el vendedor son susceptibles de caducar o deteriorarse r\u00e1pidamente, en este caso, el comprador no tiene derecho de desistimiento en virtud del art\u00edculo L.221.28 del C\u00f3digo de Consumo.<\/p>\n\n\n\n<ol start=\"8\" class=\"wp-block-list\">\n<li>GARANT\u00cdA<\/li>\n<\/ol>\n\n\n\n<p>El comprador se beneficia de la garant\u00fda legal de conformidad prevista en el art\u00fdculo L217-4 del C\u00fddigo de Consumo y de la garant\u00fda de vicios ocultos prevista en los art\u00fdculos 1641 y siguientes del C\u00fddigo Civil. El comprador debe comprobar el estado y la conformidad de los productos entregados.<\/p>\n\n\n\n<p>El vendedor podr\u00fd solicitar la prueba de la falta de los productos entregados o de la no conformidad\u00fd as\u00fd como una declaraci\u00fdn jurada del comprador con el fin de confirmar el litigio constatado.<\/p>\n\n\n\n<p>Si se establece\u0301 el litigio, el comprador podr\u00e1 solicitar la sustituci\u00f3n de los productos entregados o el reembolso (efectuado en un plazo de 30 d\u00edas).<\/p>\n\n\n\n<ol start=\"9\" class=\"wp-block-list\">\n<li>SOLICITUD DE REEMBOLSO<\/li>\n<\/ol>\n\n\n\n<p>Para presentar una reclamaci\u00f3n, el comprador puede ponerse en contacto con el vendedor en el 05.65.59.90.21, de lunes a viernes, de 8.15 a 12.00 y de 13.15 a 16.30.<\/p>\n\n\n\n<ol start=\"10\" class=\"wp-block-list\">\n<li>RESPONSABILIDAD<\/li>\n<\/ol>\n\n\n\n<p>El vendedor responde autom\u00fdticamente ante el comprador de la correcta ejecuci\u00fdn del pedido. No obstante, la responsabilidad del vendedor no podr\u00e1 ser exigida si \u00e9ste prueba que la no ejecuci\u00f3n o la mala ejecuci\u00f3n de sus obligaciones es imputable al comprador, al hecho imprevisible e insuperable de un tercero ajeno a la prestaci\u00f3n de los servicios previstos en las condiciones generales de venta, o a un caso de fuerza mayor. El vendedor no podr\u00e1 ser considerado responsable de los da\u00f1os resultantes de una falta cometida por el comprador en el marco de la utilizaci\u00f3n de los productos.<\/p>\n\n\n\n<p>El comprador es el \u00fanico responsable de la elecci\u00f3n de los productos, su conservaci\u00f3n y su uso.<\/p>\n\n\n\n<ol start=\"11\" class=\"wp-block-list\">\n<li>PROPIEDAD INTELECTUAL<\/li>\n<\/ol>\n\n\n\n<p>Todos los elementos publicados en el sitio, como sonidos, im\u00e1genes, fotograf\u00edas, v\u00eddeos, escritos, animaciones, programas, carta gr\u00e1fica, utilidades, bases de datos, software, est\u00e1n protegidos por las disposiciones del C\u00f3digo de la Propiedad Intelectual y pertenecen al vendedor.<\/p>\n\n\n\n<p>El comprador se abstendr\u00e1 de infringir los derechos de propiedad intelectual relativos a estos elementos y, en particular, de reproducir, representar, modificar, adaptar, traducir, extraer y\/o reutilizar una parte cualitativa o cuantitativamente sustancial de los mismos, con excepci\u00f3n de los actos necesarios para su uso normal y adecuado.<\/p>\n\n\n\n<ol start=\"12\" class=\"wp-block-list\">\n<li>DATOS PERSONALES<\/li>\n<\/ol>\n\n\n\n<p>El comprador queda informado de que, durante la navegaci\u00f3n y la realizaci\u00f3n del pedido, los datos personales que le conciernen son recogidos y tratados por el vendedor en calidad de responsable del tratamiento, en particular a trav\u00e9s del formulario en l\u00ednea utilizado para realizar su pedido en el sitio. <a href=\"http:\/\/www.gabriel-coulet.fr\/es\/\">www.gabriel-coulet.fr<\/a>. Se informa al comprador de que no podr\u00e1 realizar el pedido si este formulario no est\u00e1 correctamente cumplimentado. Este formulario indica si los campos que deben cumplimentarse son opcionales u obligatorios.<\/p>\n\n\n\n<p>Recogemos sus datos personales por los siguientes motivos:&nbsp;&nbsp;<\/p>\n\n\n\n<ul class=\"wp-block-list\">\n<li>La gesti\u00f3n de sus pedidos de nuestros productos disponibles en nuestro sitio web, as\u00ed como la gesti\u00f3n log\u00edstica y administrativa asociada (facturaci\u00f3n, contabilidad, gesti\u00f3n del servicio posventa, embalaje, env\u00edo, etc.); ;<\/li>\n\n\n\n<li>Gestionar nuestras relaciones comerciales respondiendo a sus solicitudes de contacto, informaci\u00f3n o reclamaciones; ;<\/li>\n\n\n\n<li>Gestionar sus solicitudes relativas al ejercicio de sus derechos sobre sus datos personales.<\/li>\n<\/ul>\n\n\n\n<p>Sus datos personales relativos a su compra en nuestro sitio web <a href=\"http:\/\/www.gabriel-coulet.fr\/es\/\">www.gabriel-coulet.fr<\/a> est\u00e1n, por tanto, estrictamente reservadas al uso interno de la empresa o de los subcontratistas encargados de gestionar el pago y la entrega de su pedido o de alojar el sitio web.<\/p>\n\n\n\n<p>El destinatario de los datos as\u00ed recogidos es el vendedor, Maison Gabriel Coulet. El tratamiento es objeto de una declaraci\u00f3n ante la Comisi\u00f3n Nacional de Inform\u00e1tica y Libertades (CNIL) en aplicaci\u00f3n de la ley n\u00b078-17 de 6 de enero de 1978.<\/p>\n\n\n\n<p>De conformidad con la normativa vigente en materia de protecci\u00f3n de datos personales, usted tiene derecho a acceder a sus datos personales, rectificarlos y suprimirlos. Tambi\u00e9n tiene derecho a limitar el tratamiento, a la portabilidad y a oponerse.<\/p>\n\n\n\n<p>Para ejercer estos derechos, y acreditar su identidad por cualquier medio, puede ponerse en contacto con nosotros en la siguiente direcci\u00f3n de correo electr\u00f3nico <a href=\"mailto:roquefort@gabriel-coulet.fr\">roquefort@gabriel-coulet.fr<\/a> o por correo a Service communication - Z.A. de Lauras - 12 250 Roquefort sur Soulzon.<\/p>\n\n\n\n<p>Estos datos de correo electr\u00f3nico o postal tambi\u00e9n podr\u00e1n utilizarse para ponerse en contacto con nosotros para cualquier pregunta o solicitud de informaci\u00f3n relativa a la gesti\u00f3n de sus datos personales.<\/p>\n\n\n\n<p>Haremos todo lo posible para responder satisfactoriamente a sus solicitudes. Si, por cualquier motivo, considera que nuestra respuesta no es satisfactoria, le informamos de que puede presentar una reclamaci\u00f3n ante la CNIL (Commission Nationale de l'Informatique et des Libert\u00e9s).<\/p>\n\n\n\n<ol start=\"13\" class=\"wp-block-list\">\n<li>CONVENIO SOBRE LA PRUEBA<\/li>\n<\/ol>\n\n\n\n<p>Se acuerda expresamente que las partes podr\u00e1n comunicarse entre s\u00ed por medios electr\u00f3nicos a los efectos de las condiciones generales de venta, a condici\u00f3n de que se establezcan medidas t\u00e9cnicas de seguridad destinadas a garantizar la confidencialidad de los datos intercambiados. Ambas partes acuerdan que los correos electr\u00f3nicos intercambiados entre ellas prueban v\u00e1lidamente el contenido de sus intercambios y, en su caso, sus compromisos, especialmente en lo que se refiere a la transmisi\u00f3n y aceptaci\u00f3n de pedidos.<\/p>\n\n\n\n<ol start=\"14\" class=\"wp-block-list\">\n<li>INCAPACIDAD PARCIAL<\/li>\n<\/ol>\n\n\n\n<p>Si una o varias de las estipulaciones de las condiciones generales de venta fueran consideradas il\u00edcitas o nulas, esta nulidad no tendr\u00eda como efecto la nulidad de las dem\u00e1s estipulaciones de las presentes condiciones, a menos que estas estipulaciones fueran inseparables de la estipulaci\u00f3n invalidada.<\/p>\n\n\n\n<ol start=\"15\" class=\"wp-block-list\">\n<li>LEGISLACI\u00d3N APLICABLE<\/li>\n<\/ol>\n\n\n\n<p>Las condiciones generales de venta se rigen por la legislaci\u00f3n francesa.<\/p>\n\n\n\n<ol start=\"16\" class=\"wp-block-list\">\n<li>ATRIBUCI\u00d3N DE COMPETENCIA<\/li>\n<\/ol>\n\n\n\n<h2 class=\"wp-block-heading\">Mediaci\u00f3n<\/h2>\n\n\n\n<p>De conformidad con el art\u00edculo L. 612-1 del C\u00f3digo de Consumo franc\u00e9s, en el plazo de un a\u00f1o a partir de la presentaci\u00f3n de una reclamaci\u00f3n por escrito, el consumidor, sin perjuicio de lo dispuesto en el art\u00edculo L.152-2 del C\u00f3digo de Consumo franc\u00e9s, podr\u00e1 presentar una solicitud de resoluci\u00f3n amistosa por mediaci\u00f3n ante<\/p>\n\n\n\n<h2 class=\"wp-block-heading\">Soluci\u00f3n SAS M\u00e9diation<\/h2>\n\n\n\n<p>222 chemin de la bergerie 01800 Saint Jean de Niort<\/p>\n\n\n\n<p>P\u00e1gina web: https:\/\/www.sasmediationsolution-conso.fr,<\/p>\n\n\n\n<p>Correo electr\u00f3nico : contact@sasmediationsolution-conso.fr<\/p>\n\n\n\n<p><\/p>","protected":false},"excerpt":{"rendered":"<p>PR\u00c9AMBULE Le vendeur exerce une activit\u00e9\u0301 de commerce \u00e9lectronique et propose un service de vente de produits en ligne sur&#8230;<\/p>","protected":false},"author":1,"featured_media":0,"parent":0,"menu_order":0,"comment_status":"closed","ping_status":"closed","template":"","meta":{"_acf_changed":false,"footnotes":""},"class_list":["post-1853","page","type-page","status-publish","hentry"],"acf":[],"aioseo_notices":[],"_links":{"self":[{"href":"https:\/\/www.gabriel-coulet.fr\/es\/wp-json\/wp\/v2\/pages\/1853","targetHints":{"allow":["GET"]}}],"collection":[{"href":"https:\/\/www.gabriel-coulet.fr\/es\/wp-json\/wp\/v2\/pages"}],"about":[{"href":"https:\/\/www.gabriel-coulet.fr\/es\/wp-json\/wp\/v2\/types\/page"}],"author":[{"embeddable":true,"href":"https:\/\/www.gabriel-coulet.fr\/es\/wp-json\/wp\/v2\/users\/1"}],"replies":[{"embeddable":true,"href":"https:\/\/www.gabriel-coulet.fr\/es\/wp-json\/wp\/v2\/comments?post=1853"}],"version-history":[{"count":2,"href":"https:\/\/www.gabriel-coulet.fr\/es\/wp-json\/wp\/v2\/pages\/1853\/revisions"}],"predecessor-version":[{"id":2748,"href":"https:\/\/www.gabriel-coulet.fr\/es\/wp-json\/wp\/v2\/pages\/1853\/revisions\/2748"}],"wp:attachment":[{"href":"https:\/\/www.gabriel-coulet.fr\/es\/wp-json\/wp\/v2\/media?parent=1853"}],"curies":[{"name":"wp","href":"https:\/\/api.w.org\/{rel}","templated":true}]}}